{"id":3434,"date":"2026-01-06T13:02:53","date_gmt":"2026-01-06T11:02:53","guid":{"rendered":"https:\/\/ilog.nu\/?page_id=3434"},"modified":"2026-01-06T14:37:44","modified_gmt":"2026-01-06T12:37:44","slug":"beskrivning-priser-av-system-sparbossan","status":"publish","type":"page","link":"https:\/\/ilog.nu\/index.php\/beskrivning-priser-av-system-sparbossan\/","title":{"rendered":"Beskrivning och priser f\u00f6r system Sparb\u00f6ssan"},"content":{"rendered":"\n<p class=\"has-text-align-center\">F\u00f6r att f\u00e5 information, fakta, h\u00e5rdvara samt priser om v\u00e5r programvara, system Sparb\u00f6ssan, tryck p\u00e5 knappen nedan.<\/p>\n\n\n\n<p class=\"has-text-align-center\"><a class=\"maxbutton-96 maxbutton maxbutton-01\" title=\"02\" href=\"https:\/\/www.dropbox.com\/scl\/fi\/b9gmgv281o404qjgxyyts\/Elstyrning260106.pdf?rlkey=1fz2xjkxn950diowzhzbl1em7&amp;dl=0\"><span class='mb-text'>S\u00e5 fungerar v\u00e5ra produkter, Sparb\u00f6ssan<\/span><\/a><\/p>\n","protected":false},"excerpt":{"rendered":"<p>F\u00f6r att f\u00e5 information, fakta, h\u00e5rdvara samt priser om v\u00e5r programvara, system Sparb\u00f6ssan, tryck p\u00e5 knappen nedan.<\/p>\n","protected":false},"author":2,"featured_media":0,"parent":0,"menu_order":0,"comment_status":"closed","ping_status":"closed","template":"","meta":{"footnotes":""},"class_list":["post-3434","page","type-page","status-publish"],"_links":{"self":[{"href":"https:\/\/ilog.nu\/index.php\/wp-json\/wp\/v2\/pages\/3434","targetHints":{"allow":["GET"]}}],"collection":[{"href":"https:\/\/ilog.nu\/index.php\/wp-json\/wp\/v2\/pages"}],"about":[{"href":"https:\/\/ilog.nu\/index.php\/wp-json\/wp\/v2\/types\/page"}],"author":[{"embeddable":true,"href":"https:\/\/ilog.nu\/index.php\/wp-json\/wp\/v2\/users\/2"}],"replies":[{"embeddable":true,"href":"https:\/\/ilog.nu\/index.php\/wp-json\/wp\/v2\/comments?post=3434"}],"version-history":[{"count":6,"href":"https:\/\/ilog.nu\/index.php\/wp-json\/wp\/v2\/pages\/3434\/revisions"}],"predecessor-version":[{"id":3442,"href":"https:\/\/ilog.nu\/index.php\/wp-json\/wp\/v2\/pages\/3434\/revisions\/3442"}],"wp:attachment":[{"href":"https:\/\/ilog.nu\/index.php\/wp-json\/wp\/v2\/media?parent=3434"}],"curies":[{"name":"wp","href":"https:\/\/api.w.org\/{rel}","templated":true}]}}