{"id":3445,"date":"2026-01-06T18:06:07","date_gmt":"2026-01-06T16:06:07","guid":{"rendered":"https:\/\/ilog.nu\/?page_id=3445"},"modified":"2026-01-06T18:39:39","modified_gmt":"2026-01-06T16:39:39","slug":"anvandarbeskrivning-sparbossan","status":"publish","type":"page","link":"https:\/\/ilog.nu\/index.php\/anvandarbeskrivning-sparbossan\/","title":{"rendered":"Anv\u00e4ndarbeskrivning, Sparb\u00f6ssan"},"content":{"rendered":"\n<p class=\"has-text-align-center\">Genom att trycka p\u00e5 knappen kommer du till anv\u00e4ndarbeskrivningen f\u00f6r system Sparb\u00f6ssan. H\u00e4r kan du l\u00e4sa om alla m\u00f6jlighter som finns f\u00f6r att optimera din el laddning. Du kan \u00e4ven l\u00e4sa hur du &#8221;tj\u00e4nar pengar utan att g\u00f6ra n\u00e5gt&#8221;, dvs. l\u00e5ta datorn ber\u00e4kna optimalt ladd m\u00f6nster.<\/p>\n\n\n\n<p class=\"has-text-align-center\"><a class=\"maxbutton-97 maxbutton maxbutton-01\" title=\"02\" href=\"https:\/\/www.dropbox.com\/scl\/fi\/al7o0q54thyotvlyrkj68\/Anv-ndarbeskrivning260106.pdf?rlkey=lvnl2uq11d1069tzc18w8fvrv&amp;dl=0\"><span class='mb-text'>Anv\u00e4ndarbeskrivning, Sparb\u00f6ssan<\/span><\/a><\/p>\n","protected":false},"excerpt":{"rendered":"<p>Genom att trycka p\u00e5 knappen kommer du till anv\u00e4ndarbeskrivningen f\u00f6r system Sparb\u00f6ssan. H\u00e4r kan du l\u00e4sa om alla m\u00f6jlighter som finns f\u00f6r att optimera din el laddning. Du kan \u00e4ven l\u00e4sa hur du &#8221;tj\u00e4nar pengar utan att g\u00f6ra n\u00e5gt&#8221;, dvs. l\u00e5ta datorn ber\u00e4kna optimalt ladd m\u00f6nster.<\/p>\n","protected":false},"author":2,"featured_media":0,"parent":0,"menu_order":0,"comment_status":"closed","ping_status":"closed","template":"","meta":{"footnotes":""},"class_list":["post-3445","page","type-page","status-publish"],"_links":{"self":[{"href":"https:\/\/ilog.nu\/index.php\/wp-json\/wp\/v2\/pages\/3445","targetHints":{"allow":["GET"]}}],"collection":[{"href":"https:\/\/ilog.nu\/index.php\/wp-json\/wp\/v2\/pages"}],"about":[{"href":"https:\/\/ilog.nu\/index.php\/wp-json\/wp\/v2\/types\/page"}],"author":[{"embeddable":true,"href":"https:\/\/ilog.nu\/index.php\/wp-json\/wp\/v2\/users\/2"}],"replies":[{"embeddable":true,"href":"https:\/\/ilog.nu\/index.php\/wp-json\/wp\/v2\/comments?post=3445"}],"version-history":[{"count":7,"href":"https:\/\/ilog.nu\/index.php\/wp-json\/wp\/v2\/pages\/3445\/revisions"}],"predecessor-version":[{"id":3457,"href":"https:\/\/ilog.nu\/index.php\/wp-json\/wp\/v2\/pages\/3445\/revisions\/3457"}],"wp:attachment":[{"href":"https:\/\/ilog.nu\/index.php\/wp-json\/wp\/v2\/media?parent=3445"}],"curies":[{"name":"wp","href":"https:\/\/api.w.org\/{rel}","templated":true}]}}