{"id":3543,"date":"2026-03-07T14:45:41","date_gmt":"2026-03-07T12:45:41","guid":{"rendered":"https:\/\/ilog.nu\/?page_id=3543"},"modified":"2026-03-07T15:16:46","modified_gmt":"2026-03-07T13:16:46","slug":"uppkopplig-sommarstugor","status":"publish","type":"page","link":"https:\/\/ilog.nu\/index.php\/uppkopplig-sommarstugor\/","title":{"rendered":"Uppkoppling sommarstugor"},"content":{"rendered":"\n<p>P\u00e5 vinterhalv\u00e5ret vill man styra grundv\u00e4men f\u00f6r att inte vattenr\u00f6r skall frysa s\u00f6nder. Antingen betalar du f\u00f6r uppkoppling till internet med samma priser som under sommaren, men det finns ett billigare alternativ d\u00e4r m\u00e5nadskostnaden blir ca 10% i st\u00e4llet. Det kallas f\u00f6r IOT (Internet Of Things), vilket betyder att det \u00e4r s\u00e5 sm\u00e5 datam\u00e4ngder som beh\u00f6ver \u00f6verf\u00f6ras, vilket ger betydligt l\u00e4gre kostnad. Det \u00e4r naturligtvis \u00e4ven m\u00f6jligt att anv\u00e4nda denna funktion \u00e5ret runt, s\u00e5 att du p\u00e5 sommaren kan p\u00e5verka kostnaden \u00e4ven f\u00f6r varmvattenberedaren, med IOT.<\/p>\n\n\n\n<p>Att med Sparb\u00f6ssan styra elkostnaden i en sommarstuga kan ge mycket stora besparingar. Det finns ingen anledning att f\u00f6rbruka el n\u00e4r priset \u00e4r h\u00f6gre \u00e4n de l\u00e4gsta kvartspriserna. Vanligtvis r\u00e4cker det med att under n\u00e5gra timmar ladda varmvattenberedaren samt under vintern v\u00e4rma upp k\u00f6k och toa.<\/p>\n\n\n\n<p>F\u00f6r de som vill ha full kontroll om v\u00e4rmen i sommarstugan fungerar p\u00e5 vinterhalv\u00e5ret, kan vi \u00e4ven hj\u00e4lpa till med att installera termometer som du kan kontrollera fr\u00e5n annan plats.<\/p>\n","protected":false},"excerpt":{"rendered":"<p>P\u00e5 vinterhalv\u00e5ret vill man styra grundv\u00e4men f\u00f6r att inte vattenr\u00f6r skall frysa s\u00f6nder. Antingen betalar du f\u00f6r uppkoppling till internet med samma priser som under sommaren, men det finns ett billigare alternativ d\u00e4r m\u00e5nadskostnaden blir ca 10% i st\u00e4llet. Det kallas f\u00f6r IOT (Internet Of Things), vilket betyder att det \u00e4r s\u00e5 sm\u00e5 datam\u00e4ngder som &#8230; <a title=\"Uppkoppling sommarstugor\" class=\"read-more\" href=\"https:\/\/ilog.nu\/index.php\/uppkopplig-sommarstugor\/\" aria-label=\"L\u00e4s mer om Uppkoppling sommarstugor\">L\u00e4s mer<\/a><\/p>\n","protected":false},"author":2,"featured_media":0,"parent":0,"menu_order":0,"comment_status":"closed","ping_status":"closed","template":"","meta":{"footnotes":""},"class_list":["post-3543","page","type-page","status-publish"],"_links":{"self":[{"href":"https:\/\/ilog.nu\/index.php\/wp-json\/wp\/v2\/pages\/3543","targetHints":{"allow":["GET"]}}],"collection":[{"href":"https:\/\/ilog.nu\/index.php\/wp-json\/wp\/v2\/pages"}],"about":[{"href":"https:\/\/ilog.nu\/index.php\/wp-json\/wp\/v2\/types\/page"}],"author":[{"embeddable":true,"href":"https:\/\/ilog.nu\/index.php\/wp-json\/wp\/v2\/users\/2"}],"replies":[{"embeddable":true,"href":"https:\/\/ilog.nu\/index.php\/wp-json\/wp\/v2\/comments?post=3543"}],"version-history":[{"count":11,"href":"https:\/\/ilog.nu\/index.php\/wp-json\/wp\/v2\/pages\/3543\/revisions"}],"predecessor-version":[{"id":3563,"href":"https:\/\/ilog.nu\/index.php\/wp-json\/wp\/v2\/pages\/3543\/revisions\/3563"}],"wp:attachment":[{"href":"https:\/\/ilog.nu\/index.php\/wp-json\/wp\/v2\/media?parent=3543"}],"curies":[{"name":"wp","href":"https:\/\/api.w.org\/{rel}","templated":true}]}}