{"id":43,"date":"2016-05-30T14:08:11","date_gmt":"2016-05-30T14:08:11","guid":{"rendered":"http:\/\/ilogia.linkpc.net\/wordpress\/?page_id=43"},"modified":"2024-07-17T15:26:36","modified_gmt":"2024-07-17T13:26:36","slug":"hem","status":"publish","type":"page","link":"https:\/\/ilog.nu\/index.php\/hem\/","title":{"rendered":"Videom\u00f6te"},"content":{"rendered":"<p>Antingen klickar du p\u00e5 knappen nedan f\u00f6r att deltaga i videom\u00f6tet.<\/p>\n<p><strong><a class=\"maxbutton-6 maxbutton maxbutton-delta-i-videomotet\" target=\"_blank\" rel=\"noopener\" href=\"https:\/\/meet.google.com\/zui-khhg-agr\"><span class='mb-text'>Delta i videom\u00f6te<\/span><\/a><\/strong><\/p>\n<p>Eller s\u00e5 har du via mejl f\u00e5tt en l\u00e4nk som du skall klicka p\u00e5.\u00a0<\/p>\n<p>Nedanst\u00e5ende knapp inneh\u00e5ller beskrivning hur du startar, olika alternativa l\u00f6sningar samt f\u00f6rslag hur du undviker trassel<\/p>\n\n<p>ILOG erbjuder tv\u00e5 olika f\u00f6rslag hur du kan anv\u00e4nda Videom\u00f6ten:<\/p>\n<ol>\n<li>Vi installerar s\u00e5 att ni har ett eget Videom\u00f6te, dvs. full kontroll fr\u00e5n er egen hemsida<\/li>\n<li>Anv\u00e4nd ILOGs Videom\u00f6te, vid de tillf\u00e4llen ni beh\u00f6ver<\/li>\n<\/ol>\n\n\n\n<p><\/p>\n\n\n\n\n\n<p><\/p>\n","protected":false},"excerpt":{"rendered":"<p>Antingen klickar du p\u00e5 knappen nedan f\u00f6r att deltaga i videom\u00f6tet. Eller s\u00e5 har du via mejl f\u00e5tt en l\u00e4nk som du skall klicka p\u00e5.\u00a0 Nedanst\u00e5ende knapp inneh\u00e5ller beskrivning hur du startar, olika alternativa l\u00f6sningar samt f\u00f6rslag hur du undviker trassel ILOG erbjuder tv\u00e5 olika f\u00f6rslag hur du kan anv\u00e4nda Videom\u00f6ten: Vi installerar s\u00e5 att &#8230; <a title=\"Videom\u00f6te\" class=\"read-more\" href=\"https:\/\/ilog.nu\/index.php\/hem\/\" aria-label=\"L\u00e4s mer om Videom\u00f6te\">L\u00e4s mer<\/a><\/p>\n","protected":false},"author":2,"featured_media":0,"parent":0,"menu_order":0,"comment_status":"closed","ping_status":"closed","template":"","meta":{"footnotes":""},"class_list":["post-43","page","type-page","status-publish"],"_links":{"self":[{"href":"https:\/\/ilog.nu\/index.php\/wp-json\/wp\/v2\/pages\/43","targetHints":{"allow":["GET"]}}],"collection":[{"href":"https:\/\/ilog.nu\/index.php\/wp-json\/wp\/v2\/pages"}],"about":[{"href":"https:\/\/ilog.nu\/index.php\/wp-json\/wp\/v2\/types\/page"}],"author":[{"embeddable":true,"href":"https:\/\/ilog.nu\/index.php\/wp-json\/wp\/v2\/users\/2"}],"replies":[{"embeddable":true,"href":"https:\/\/ilog.nu\/index.php\/wp-json\/wp\/v2\/comments?post=43"}],"version-history":[{"count":70,"href":"https:\/\/ilog.nu\/index.php\/wp-json\/wp\/v2\/pages\/43\/revisions"}],"predecessor-version":[{"id":2678,"href":"https:\/\/ilog.nu\/index.php\/wp-json\/wp\/v2\/pages\/43\/revisions\/2678"}],"wp:attachment":[{"href":"https:\/\/ilog.nu\/index.php\/wp-json\/wp\/v2\/media?parent=43"}],"curies":[{"name":"wp","href":"https:\/\/api.w.org\/{rel}","templated":true}]}}